{"id":15,"date":"2023-01-11T01:37:59","date_gmt":"2023-01-11T01:37:59","guid":{"rendered":"http:\/\/www.chillanes.org\/?page_id=15"},"modified":"2024-04-03T03:32:25","modified_gmt":"2024-04-03T08:32:25","slug":"turismo","status":"publish","type":"page","link":"https:\/\/www.chillanes.org\/?page_id=15","title":{"rendered":"TURISMO"},"content":{"rendered":"<h3 id=\"h_865683086131712132906351\"><span id=\"Clima\" class=\"mw-headline\">Clima<\/span><\/h3>\n<p><a href=\"https:\/\/www.chillanes.org\/?p=1\"><img loading=\"lazy\" decoding=\"async\" class=\"alignright wp-image-86\" src=\"https:\/\/www.chillanes.org\/wp-content\/uploads\/2023\/01\/PitBoxMedia-tugeo.com-Realidad-Aumentada-con-Geolocalizacio\u0301n3-269x300.png\" alt=\"\" width=\"204\" height=\"228\" srcset=\"https:\/\/www.chillanes.org\/wp-content\/uploads\/2023\/01\/PitBoxMedia-tugeo.com-Realidad-Aumentada-con-Geolocalizacio\u0301n3-269x300.png 269w, https:\/\/www.chillanes.org\/wp-content\/uploads\/2023\/01\/PitBoxMedia-tugeo.com-Realidad-Aumentada-con-Geolocalizacio\u0301n3-919x1024.png 919w, https:\/\/www.chillanes.org\/wp-content\/uploads\/2023\/01\/PitBoxMedia-tugeo.com-Realidad-Aumentada-con-Geolocalizacio\u0301n3-768x856.png 768w, https:\/\/www.chillanes.org\/wp-content\/uploads\/2023\/01\/PitBoxMedia-tugeo.com-Realidad-Aumentada-con-Geolocalizacio\u0301n3.png 1181w\" sizes=\"(max-width: 204px) 100vw, 204px\" \/><\/a><\/p>\n<p style=\"text-align: justify;\">El clima del cant\u00f3n Chillanes est\u00e1 determinado en su mayor parte por el factor altitud. El valle de Chillanes no recibe influencia de los v<\/p>\n<p style=\"text-align: justify;\">ientos del Pac\u00edfico. A partir del recinto Naranja loma, empieza la influencia de los vientos del Pac\u00edfico hasta San Jos\u00e9 del Tambo, que se encargan de depositar en sus faldas enormes cantidades de vapor de agua que originan constantes e indeterminadas lluvias y una eterna gar\u00faa que hacen de esas zonas las m\u00e1s h\u00famedas del cant\u00f3n.<\/p>\n<h3><span id=\"Flora\" class=\"mw-headline\">Flora<\/span><\/h3>\n<p style=\"text-align: justify;\">La flora del lugar consiste en un conjunto de especies vegetales, que describe la naturaleza de la cascada, entre las especies m\u00e1s sobresalientes tenemos: el guayac\u00e1n, teca, copal, helecho, motil\u00f3n, aguacatillo, colorado, caf\u00e9, cacao, banano, naranjilla, romerillo y flores ex\u00f3ticas, entre otras.<\/p>\n<h3><span id=\"Fauna\" class=\"mw-headline\">Fauna<\/span><\/h3>\n<p>La fauna de la regi\u00f3n la constituyen varias especies de tigrillos, ardillas, monos, zorrillos, guatusas, venados, cuchuchos, osos hormigueros, conejos, y otros. Entre las aves tenemos Gallos de pe\u00f1a, tucanes, loros, pericos, ruise\u00f1ores, jilgueros, colibr\u00edes, lechuzas, b\u00fahos, caciques, p\u00e1jaros carpinteros, pavas de monte, azulejos, palomas y m\u00e1s.<\/p>\n<ul>\n<li>Cascada Piedra Blanca<\/li>\n<li>Cascada Las Mellizas<\/li>\n<li>Bosque Protector Chillanes-Bucay<\/li>\n<\/ul>\n<h3><span id=\"Gastronom.C3.ADa\" class=\"mw-headline\">Gastronom\u00eda<\/span><span id=\"Comidas_T\u00edpicas\"><\/span><span id=\"Comidas_T.C3.ADpicas\" class=\"mw-headline\"><\/span><\/h3>\n<ul>\n<li style=\"text-align: justify;\">Rompe Nucas &#8221; (Helados de Hielo del Chimborazo), o los famosos helados de paila donde Ud, podr\u00e1 observar como se lo realiza, y por supuesto deleitarse con su exquisito sabor.<\/li>\n<li>Los sabrosos tamales que se los hace especialmente en carnaval, envueltos en hojas de &#8220;pusse&#8221; (una hoja de tama\u00f1o grande, ovalada, que s\u00f3lo se da en esta regi\u00f3n en las densas monta\u00f1as), la cual da un sabor inigualable a este producto \u00fanico de Chillanes, elaborados de harina de ma\u00edz selecto, con queso o carne de pollo.<\/li>\n<li>Los &#8220;chig\u00fciles&#8221; preparado solamente en las celebraciones carnavalescas. Otra delicia envuelto en hojas de ma\u00edz.<\/li>\n<\/ul>\n<p><img loading=\"lazy\" decoding=\"async\" class=\" wp-image-97 aligncenter\" src=\"https:\/\/www.chillanes.org\/wp-content\/uploads\/2023\/01\/chillanes2-700x300-1-300x129.jpg\" alt=\"\" width=\"456\" height=\"196\" srcset=\"https:\/\/www.chillanes.org\/wp-content\/uploads\/2023\/01\/chillanes2-700x300-1-300x129.jpg 300w, https:\/\/www.chillanes.org\/wp-content\/uploads\/2023\/01\/chillanes2-700x300-1.jpg 700w\" sizes=\"(max-width: 456px) 100vw, 456px\" \/><\/p>\n<p>&nbsp;<\/p>\n<p style=\"text-align: center;\"><a href=\"https:\/\/www.chillanes.org\/?p=1\">Mapa de Acceso<\/a><\/p>\n","protected":false},"excerpt":{"rendered":"<p>Clima El clima del cant\u00f3n Chillanes est\u00e1 determinado en su mayor parte por el factor altitud. El valle de Chillanes no recibe influencia de los v ientos del Pac\u00edfico. A partir del recinto Naranja loma, empieza la influencia de los vientos del Pac\u00edfico hasta San Jos\u00e9 del Tambo, que se encargan de depositar en sus [&hellip;]<\/p>\n","protected":false},"author":1,"featured_media":0,"parent":0,"menu_order":0,"comment_status":"closed","ping_status":"closed","template":"","meta":{"footnotes":""},"_links":{"self":[{"href":"https:\/\/www.chillanes.org\/index.php?rest_route=\/wp\/v2\/pages\/15"}],"collection":[{"href":"https:\/\/www.chillanes.org\/index.php?rest_route=\/wp\/v2\/pages"}],"about":[{"href":"https:\/\/www.chillanes.org\/index.php?rest_route=\/wp\/v2\/types\/page"}],"author":[{"embeddable":true,"href":"https:\/\/www.chillanes.org\/index.php?rest_route=\/wp\/v2\/users\/1"}],"replies":[{"embeddable":true,"href":"https:\/\/www.chillanes.org\/index.php?rest_route=%2Fwp%2Fv2%2Fcomments&post=15"}],"version-history":[{"count":12,"href":"https:\/\/www.chillanes.org\/index.php?rest_route=\/wp\/v2\/pages\/15\/revisions"}],"predecessor-version":[{"id":129,"href":"https:\/\/www.chillanes.org\/index.php?rest_route=\/wp\/v2\/pages\/15\/revisions\/129"}],"wp:attachment":[{"href":"https:\/\/www.chillanes.org\/index.php?rest_route=%2Fwp%2Fv2%2Fmedia&parent=15"}],"curies":[{"name":"wp","href":"https:\/\/api.w.org\/{rel}","templated":true}]}}