{"id":24,"date":"2023-01-11T01:41:05","date_gmt":"2023-01-11T01:41:05","guid":{"rendered":"http:\/\/www.chillanes.org\/?page_id=24"},"modified":"2023-01-10T21:54:06","modified_gmt":"2023-01-11T02:54:06","slug":"historia","status":"publish","type":"page","link":"https:\/\/www.chillanes.org\/?page_id=24","title":{"rendered":"HISTORIA"},"content":{"rendered":"<p style=\"text-align: justify;\">Chillanes fue elevada a la categor\u00eda de cant\u00f3n el 1 de junio de 1967 por la Asamblea Nacional Constituyente a la que concurrieron como diputados constituyentes el Sr. Ram\u00f3n Torres Pazmi\u00f1o y el Dr. Washington Durango F. El decreto de creaci\u00f3n es el N\u00b0- 65, promulgado en el Registro Oficial N\u00b0- 145 de 12 de ese mes y a\u00f1o. Se hizo realidad este anhelo popular liderado por el doctor Homero Villag\u00f3mez Aguilar y secundado por una pl\u00e9yade de patriotas chillanenses, entre los cuales sobresale el Dr. Eudoro Hinojosa Cardona.<\/p>\n<p style=\"text-align: justify;\">El 2 de enero de 1968, el Dr. Ricardo Galarza, Presidente del H. Tribunal Electoral de Bol\u00edvar, posesion\u00f3 al primer Concejo Municipal del nuevo cant\u00f3n. A la saz\u00f3n las principales autoridades provinciales eran: Gobernador, Sr. Fausto Silva Montenegro; Prefecto Provincial, Dr. Humberto del Pozo Saltos; Presidente de la H. Corte Superior de Justicia de Guaranda, Dr. Nelson Galarza Paz; Presidente de la Casa de la Cultura Ecuatoriana N\u00facleo de Bol\u00edvar, Dr. Augusto C\u00e9sar Saltos; Obispo de la Di\u00f3cesis de Guaranda, Mons. C\u00e1ndido Rada S.; Presidente del H. Tribunal Electoral de Bol\u00edvar, Dr. Ricardo E. Galarza Gonz\u00e1lez; Director Provincial de Educaci\u00f3n, Dr. Ra\u00fal Noboa Espinoza; Pagador Provincial del Bol\u00edvar, Sr. Rodolfo Silva Vela; Intendente General de Polic\u00eda, Sr. Arturo Salazar; Comandante del Cuerpo de Polic\u00eda Bol\u00edvar N.11, Coronel Antonio Tamayo; Alcalde de Guaranda, Sr. Augusto Ch\u00e1vez Gavilanes; Presidente del I. Concejo Municipal de Chimbo, Sr. Jos\u00e9 Garc\u00eda Vela; Presidente del I. Concejo Municipal de San Miguel, Sr. Hugo \u00c1lvarez; Rector del Colegio Nacional Pedro Carbo, Dr. Roberto Alfredo Arregui; Jefes Pol\u00edticos: de Guaranda, Sr. Marcial Paredes Soto; de Chimbo, Sr. Efra\u00edn Jim\u00e9nez; de San Miguel, Sr. Emilio Gaibor; y Oswaldo M. Ch\u00e1vez, Comisario Nacional.<\/p>\n<p style=\"text-align: justify;\">En esta memorable fecha, se suscribi\u00f3 un hist\u00f3rico documento mentalizado y redactado por un verdadero patriota que anhel\u00f3, que so\u00f1\u00f3, por la unidad de nuestra provincia, el Dr. Eudoro Hinojosa Cardona. Nos referimos al ACTA Constitutiva del Consorcio de Municipios de la Provincia de Bol\u00edvar (COMDEB), cuyo texto es el siguiente:<\/p>\n<p style=\"text-align: justify;\"><em>\u201cConsiderando que la Provincia de bol\u00edvar en general, y los cantones Guaranda, Chimbo, San Miguel y Chillanes en particular, necesitan aglutinar sus esfuerzos en un haz de energ\u00eda creadora capaz de fomentar el progreso seccional e integral de la Provincia de Bol\u00edvar, y que en homenaje a la solidaridad provincial fue creado el Cant\u00f3n Chillanes, por la H. Asamblea Constituyente; resuelven: formar el CONSORCIO DE MUNICIPIOS BOLIVARENSES, bajo la sigla COMDEB, con la promesa de efectuar las gestiones pertinentes, a fin de que este hist\u00f3rico Documento, signifique en corto tiempo una prometedora y edificante realidad. Dado en la Sala de Sesiones del Muy Ilustre Municipio de Chillanes, a los dos d\u00edas de Enero de 1968. Firman: Por el I.M. del cant\u00f3n Guaranda, Sr. C\u00e9sar Augusto Ch\u00e1vez, Alcalde; Por el I. M. del cant\u00f3n Chimbo, Sr. Jos\u00e9 Garc\u00eda Vela, Presidente del Concejo; por el I. M. del cant\u00f3n San Miguel, Sr. Hugo Alvarez, Presidente del Concejo; Por el I. M. del cant\u00f3n Chillanes, Sr. Gonzalo G\u00f3mez, Presidente del Concejo.<\/em><\/p>\n<p style=\"text-align: justify;\"><em>Testigos de Honor: Monse\u00f1or C\u00e1ndido Rada, Obispo de la Di\u00f3cesis de Guaranda; y, Sr. Fausto Silva Montenegro, Gobernador de la Provincia de Bol\u00edvar\u201d.<\/em><\/p>\n<p style=\"text-align: justify;\">Este importante Acuerdo, partida de nacimiento del citado consorcio, constituye adem\u00e1s, el primer documento expedido en el Sal\u00f3n de Sesiones del Concejo de CHillanes.<\/p>\n","protected":false},"excerpt":{"rendered":"<p>Chillanes fue elevada a la categor\u00eda de cant\u00f3n el 1 de junio de 1967 por la Asamblea Nacional Constituyente a la que concurrieron como diputados constituyentes el Sr. Ram\u00f3n Torres Pazmi\u00f1o y el Dr. Washington Durango F. El decreto de creaci\u00f3n es el N\u00b0- 65, promulgado en el Registro Oficial N\u00b0- 145 de 12 de [&hellip;]<\/p>\n","protected":false},"author":1,"featured_media":0,"parent":0,"menu_order":0,"comment_status":"closed","ping_status":"closed","template":"","meta":{"footnotes":""},"_links":{"self":[{"href":"https:\/\/www.chillanes.org\/index.php?rest_route=\/wp\/v2\/pages\/24"}],"collection":[{"href":"https:\/\/www.chillanes.org\/index.php?rest_route=\/wp\/v2\/pages"}],"about":[{"href":"https:\/\/www.chillanes.org\/index.php?rest_route=\/wp\/v2\/types\/page"}],"author":[{"embeddable":true,"href":"https:\/\/www.chillanes.org\/index.php?rest_route=\/wp\/v2\/users\/1"}],"replies":[{"embeddable":true,"href":"https:\/\/www.chillanes.org\/index.php?rest_route=%2Fwp%2Fv2%2Fcomments&post=24"}],"version-history":[{"count":6,"href":"https:\/\/www.chillanes.org\/index.php?rest_route=\/wp\/v2\/pages\/24\/revisions"}],"predecessor-version":[{"id":25,"href":"https:\/\/www.chillanes.org\/index.php?rest_route=\/wp\/v2\/pages\/24\/revisions\/25"}],"wp:attachment":[{"href":"https:\/\/www.chillanes.org\/index.php?rest_route=%2Fwp%2Fv2%2Fmedia&parent=24"}],"curies":[{"name":"wp","href":"https:\/\/api.w.org\/{rel}","templated":true}]}}