{"id":30,"date":"2023-01-11T01:44:38","date_gmt":"2023-01-11T01:44:38","guid":{"rendered":"http:\/\/www.chillanes.org\/?page_id=30"},"modified":"2023-01-10T23:13:32","modified_gmt":"2023-01-11T04:13:32","slug":"inicio","status":"publish","type":"page","link":"https:\/\/www.chillanes.org\/","title":{"rendered":"INICIO"},"content":{"rendered":"<p style=\"text-align: justify;\"><span style=\"font-size: 20px;\"><img loading=\"lazy\" decoding=\"async\" class=\"wp-image-101 alignright\" src=\"https:\/\/www.chillanes.org\/wp-content\/uploads\/2023\/01\/Escudo_Chillanes_foto-240x300.png\" alt=\"\" width=\"180\" height=\"225\" srcset=\"https:\/\/www.chillanes.org\/wp-content\/uploads\/2023\/01\/Escudo_Chillanes_foto-240x300.png 240w, https:\/\/www.chillanes.org\/wp-content\/uploads\/2023\/01\/Escudo_Chillanes_foto.png 611w\" sizes=\"(max-width: 180px) 100vw, 180px\" \/>El cant\u00f3n Chillanes est\u00e1 ubicado en la provincia de Bol\u00edvar, Ecuador. Limita al norte con el cant\u00f3n San Miguel. Al sur con el cant\u00f3n General Elizalde (Bucay) provincia del Guayas, al oeste Cant\u00f3n Babahoyo Provincia del Los R\u00edos y al este el Cant\u00f3n Pallatanga Provincia del Chimborazo.<\/span><\/p>\n<p style=\"text-align: justify;\"><span style=\"font-size: 20px;\"><strong>Actividad econ\u00f3mica<\/strong><\/span><\/p>\n<p style=\"text-align: justify;\"><span style=\"font-size: 20px;\">La producci\u00f3n econ\u00f3mica del cant\u00f3n Chillanes es eminentemente agraria. El modo de producci\u00f3n agraria hasta principios del siglo XX fue de r\u00e9gimen feudal que gracias a una inusitada compra &#8211; venta de la propiedad rural dio lugar a la formaci\u00f3n del minifundio y que hasta el d\u00eda de hoy subsiste como forma precaria de la tenencia de la tierra. Con estos antecedentes se determina que la econom\u00eda del cant\u00f3n Chillanes est\u00e1 basada en la producci\u00f3n agraria y r\u00fastica del minifundio.<\/span><\/p>\n<p style=\"text-align: justify;\"><span style=\"font-size: 20px;\">La econom\u00eda del cant\u00f3n Chillanes se basa fundamentalmente en el 90,16% de la agricultura. La producci\u00f3n agr\u00edcola corresponde a los cuatro pisos clim\u00e1ticos ya conocidos y en su proceso ocupa toda la superficie territorial calificando a sus terrenos como unos de los m\u00e1s f\u00e9rtiles del pa\u00eds. A pesar de esto, de acuerdo con el Sistema Integrado de Indicadores Sociales del Ecuador, SIISE, la pobreza por necesidades b\u00e1sicas insatisfechas, alcanza el 84,45% de la poblaci\u00f3n total del cant\u00f3n.<\/span><br \/>\n<span style=\"font-size: 20px;\">Divisi\u00f3n pol\u00edtica<\/span><\/p>\n<p style=\"text-align: justify;\"><span style=\"font-size: 20px;\">La lucha incansable de un pueblo olvidado en ese entonces dio lugar a que personajes notables como: Francisco Dario V\u00e1squez, Ezequiel Guerrero Velasco, Agnelio Aguilar Moncayo, Eudoro Hinojosa Cardona, Eduardo Montenegro Guerrero, Luis Vallejo Estrella, Ulpiano Vallejo Estrella, y Homero Villag\u00f3mez Aguilar se tomaran en hombros la tarea por llevar a Chillanes al grado de Canton. Donde fueron Homero Villagomez Aguilar y Ulpiano Vallejo Estrella los principales autores de la lucha por cumplir el sue\u00f1o de aquel entonces, convirti\u00e9ndose en iconos de lucha y ejemplo de las personas que les segu\u00edan los pasos.<\/span><\/p>\n<p style=\"text-align: justify;\"><span style=\"font-size: 20px;\">Es as\u00ed que gracias al deseo de estos hombres ejemplares y de sus incansables gestiones, el cant\u00f3n Chillanes, se crea desmembr\u00e1ndolo del cant\u00f3n San Miguel, el 1 de junio de 1967, donde el Presidente Constitucional de la Rep\u00fablica de ese entonces, doctor Otto Arosemena G\u00f3mez, puso el ejec\u00fatese para la creaci\u00f3n del Cant\u00f3n Chillanes como parroquia central y con su parroquia rural San Jos\u00e9 del Tambo, (Reg. Of. No. 145 del 12-Jun- 1967).<\/span><\/p>\n<p style=\"text-align: justify;\"><span style=\"font-size: 20px;\"><strong>Caracter\u00edsticas demogr\u00e1ficas<\/strong><\/span><\/p>\n<p style=\"text-align: justify;\"><span style=\"font-size: 20px;\">La distribuci\u00f3n de la poblaci\u00f3n es eminentemente rural, donde vive aproximadamente el 87% de los habitantes. El grupo poblacional predominante es el de 0-14 a\u00f1os. La tasa de crecimiento anual de la poblaci\u00f3n de este cant\u00f3n, para el per\u00edodo 1990-2001, fue de: -0,8%, la m\u00e1s baja de la provincia. La poblaci\u00f3n masculina registrada en el censo del a\u00f1o 2001, fue de 50,7%, y la femenina, de 49,3%<\/span><\/p>\n<p style=\"text-align: justify;\"><span style=\"font-size: 20px;\">Un significativo porcentaje de la poblaci\u00f3n carece de alcantarillado, apenas lo poseen el 21% de viviendas. Algunos otros par\u00e1metros derivados del censo son:<\/span><\/p>\n<p><span style=\"font-size: 20px;\">Alg\u00fan sistema de eliminaci\u00f3n de excretas el 52,12% de las viviendas.<\/span><br \/>\n<span style=\"font-size: 20px;\">Agua entubada dentro de la vivienda: 19%.<\/span><br \/>\n<span style=\"font-size: 20px;\">Energ\u00eda el\u00e9ctrica 64% y<\/span><br \/>\n<span style=\"font-size: 20px;\">Servicio telef\u00f3nico 7%.<\/span><br \/>\n<span style=\"font-size: 20px;\">Servicio de recolecci\u00f3n de basuras: 19,7% de las viviendas.<\/span><\/p>\n","protected":false},"excerpt":{"rendered":"<p>El cant\u00f3n Chillanes est\u00e1 ubicado en la provincia de Bol\u00edvar, Ecuador. Limita al norte con el cant\u00f3n San Miguel. Al sur con el cant\u00f3n General Elizalde (Bucay) provincia del Guayas, al oeste Cant\u00f3n Babahoyo Provincia del Los R\u00edos y al este el Cant\u00f3n Pallatanga Provincia del Chimborazo. Actividad econ\u00f3mica La producci\u00f3n econ\u00f3mica del cant\u00f3n Chillanes [&hellip;]<\/p>\n","protected":false},"author":1,"featured_media":0,"parent":0,"menu_order":0,"comment_status":"closed","ping_status":"closed","template":"","meta":{"footnotes":""},"_links":{"self":[{"href":"https:\/\/www.chillanes.org\/index.php?rest_route=\/wp\/v2\/pages\/30"}],"collection":[{"href":"https:\/\/www.chillanes.org\/index.php?rest_route=\/wp\/v2\/pages"}],"about":[{"href":"https:\/\/www.chillanes.org\/index.php?rest_route=\/wp\/v2\/types\/page"}],"author":[{"embeddable":true,"href":"https:\/\/www.chillanes.org\/index.php?rest_route=\/wp\/v2\/users\/1"}],"replies":[{"embeddable":true,"href":"https:\/\/www.chillanes.org\/index.php?rest_route=%2Fwp%2Fv2%2Fcomments&post=30"}],"version-history":[{"count":6,"href":"https:\/\/www.chillanes.org\/index.php?rest_route=\/wp\/v2\/pages\/30\/revisions"}],"predecessor-version":[{"id":31,"href":"https:\/\/www.chillanes.org\/index.php?rest_route=\/wp\/v2\/pages\/30\/revisions\/31"}],"wp:attachment":[{"href":"https:\/\/www.chillanes.org\/index.php?rest_route=%2Fwp%2Fv2%2Fmedia&parent=30"}],"curies":[{"name":"wp","href":"https:\/\/api.w.org\/{rel}","templated":true}]}}